{"id":19,"date":"2023-06-21T23:17:45","date_gmt":"2023-06-21T22:17:45","guid":{"rendered":"https:\/\/diversitecommunicationnelle.ca\/?page_id=19"},"modified":"2023-12-04T16:14:15","modified_gmt":"2023-12-04T21:14:15","slug":"home","status":"publish","type":"page","link":"https:\/\/diversitecommunicationnelle.ca\/","title":{"rendered":"Accueil"},"content":{"rendered":"\n<div class=\"wp-block-cover alignfull is-light\" style=\"min-height:644px;aspect-ratio:unset;\"><span aria-hidden=\"true\" class=\"wp-block-cover__background has-background-dim-0 has-background-dim\"><\/span><img loading=\"lazy\" decoding=\"async\" width=\"1920\" height=\"1080\" class=\"wp-block-cover__image-background wp-image-260\" alt=\"\" src=\"https:\/\/diversitecommunicationnelle.ca\/wp-content\/uploads\/2023\/07\/StutteringPrideFlag-1.jpg\" data-object-fit=\"cover\" srcset=\"https:\/\/diversitecommunicationnelle.ca\/wp-content\/uploads\/2023\/07\/StutteringPrideFlag-1.jpg 1920w, https:\/\/diversitecommunicationnelle.ca\/wp-content\/uploads\/2023\/07\/StutteringPrideFlag-1-300x169.jpg 300w, https:\/\/diversitecommunicationnelle.ca\/wp-content\/uploads\/2023\/07\/StutteringPrideFlag-1-1024x576.jpg 1024w, https:\/\/diversitecommunicationnelle.ca\/wp-content\/uploads\/2023\/07\/StutteringPrideFlag-1-768x432.jpg 768w, https:\/\/diversitecommunicationnelle.ca\/wp-content\/uploads\/2023\/07\/StutteringPrideFlag-1-1536x864.jpg 1536w\" sizes=\"auto, (max-width: 1920px) 100vw, 1920px\" \/><div class=\"wp-block-cover__inner-container is-layout-flow wp-block-cover-is-layout-flow\">\n<div style=\"height:80px\" aria-hidden=\"true\" class=\"wp-block-spacer\"><\/div>\n\n\n\n<h1 class=\"wp-block-heading has-text-align-center has-nv-site-bg-color has-text-color\">Diversit\u00e9 communicationnelle<\/h1>\n\n\n\n<h1 class=\"wp-block-heading has-text-align-center has-nv-dark-bg-color has-nv-text-dark-bg-background-color has-text-color has-background\" style=\"font-size:24px\"><strong>Une programmation de recherche du Labo IV sur la valorisation de la parole b\u00e9gay\u00e9e<\/strong><\/h1>\n\n\n\n<div class=\"wp-block-buttons is-content-justification-center is-layout-flex wp-container-core-buttons-is-layout-16018d1d wp-block-buttons-is-layout-flex\">\n<div class=\"wp-block-button is-style-secondary\"><a class=\"wp-block-button__link has-neve-text-color-color has-nv-site-bg-background-color has-text-color has-background wp-element-button\" href=\"https:\/\/diversitecommunicationnelle.ca\/?page_id=22\" style=\"border-radius:0px\">D\u00c9COUVRIR LA PROGRAMMATION<\/a><\/div>\n\n\n\n<div class=\"wp-block-button is-style-secondary\"><a class=\"wp-block-button__link has-neve-text-color-color has-nv-site-bg-background-color has-text-color has-background wp-element-button\" href=\"https:\/\/labo4.ca\/\" style=\"border-radius:0px\" target=\"_blank\" rel=\"noreferrer noopener\">D\u00c9COUVRIR LE LABO<\/a><\/div>\n<\/div>\n<\/div><\/div>\n\n\n\n<p class=\"has-nv-site-bg-background-color has-background\" style=\"font-size:12px\"><strong>Stuttering Pride Flag \u00a9 2022 par Conor Foran est sous licence CC BY-NC-SA 4.0. Making Waves: A Stuttering Pride Flag est h\u00e9berg\u00e9 par Dysfluent (stutteringprideflag.org), un projet cr\u00e9atif multidisciplinaire sur les personnes qui b\u00e9gaient. Conception et r\u00e9alisation par Take Courage.<\/strong><\/p>\n\n\n<div class=\"root-eb-post-carousel-9yu2i2i wp-block-essential-blocks-post-carousel\">\n    <div class=\"eb-parent-wrapper eb-parent-eb-post-carousel-9yu2i2i \">\n        <div class=\"eb-post-carousel-9yu2i2i style-1 slick-arrows equal-height dot-circle eb-post-carousel-wrapper\"\n            data-id=\"eb-post-carousel-9yu2i2i\"\n            data-querydata=\"a:13:{s:6:&quot;source&quot;;s:4:&quot;post&quot;;s:11:&quot;sourceIndex&quot;;i:0;s:9:&quot;rest_base&quot;;s:5:&quot;posts&quot;;s:14:&quot;rest_namespace&quot;;s:5:&quot;wp\/v2&quot;;s:6:&quot;author&quot;;s:0:&quot;&quot;;s:10:&quot;taxonomies&quot;;a:0:{}s:8:&quot;per_page&quot;;s:1:&quot;3&quot;;s:6:&quot;offset&quot;;s:1:&quot;0&quot;;s:7:&quot;orderby&quot;;s:4:&quot;date&quot;;s:5:&quot;order&quot;;s:4:&quot;desc&quot;;s:7:&quot;include&quot;;s:0:&quot;&quot;;s:7:&quot;exclude&quot;;s:0:&quot;&quot;;s:15:&quot;exclude_current&quot;;b:0;}\"\n            data-slidersettings=\"{&quot;arrows&quot;:true,&quot;dots&quot;:true,&quot;autoplaySpeed&quot;:3000,&quot;speed&quot;:500,&quot;adaptiveHeight&quot;:true,&quot;autoplay&quot;:true,&quot;infinite&quot;:true,&quot;pauseOnHover&quot;:true,&quot;slideToShowRange&quot;:3,&quot;leftArrowIcon&quot;:&quot;fas fa-chevron-circle-left&quot;,&quot;rightArrowIcon&quot;:&quot;fas fa-chevron-circle-right&quot;,&quot;addIcon&quot;:false,&quot;showFallbackImg&quot;:false,&quot;fallbackImgUrl&quot;:&quot;&quot;,&quot;isRTLEnable&quot;:false,&quot;TABslideToShowRange&quot;:2,&quot;MOBslideToShowRange&quot;:1}\"\n            data-attributes=\"{&quot;preset&quot;:&quot;style-1&quot;,&quot;showThumbnail&quot;:true,&quot;showTitle&quot;:true,&quot;titleLength&quot;:&quot;10&quot;,&quot;titleTag&quot;:&quot;h2&quot;,&quot;showContent&quot;:true,&quot;contentLength&quot;:20,&quot;expansionIndicator&quot;:&quot;...&quot;,&quot;showReadMore&quot;:false,&quot;readmoreText&quot;:&quot;Read More&quot;,&quot;showMeta&quot;:true,&quot;headerMeta&quot;:&quot;[{\\&quot;value\\&quot;:\\&quot;categories\\&quot;,\\&quot;label\\&quot;:\\&quot;Categories\\&quot;}]&quot;,&quot;footerMeta&quot;:&quot;[{\\&quot;value\\&quot;:\\&quot;avatar\\&quot;,\\&quot;label\\&quot;:\\&quot;Author Avatar\\&quot;},{\\&quot;value\\&quot;:\\&quot;author\\&quot;,\\&quot;label\\&quot;:\\&quot;Author Name\\&quot;},{\\&quot;value\\&quot;:\\&quot;date\\&quot;,\\&quot;label\\&quot;:\\&quot;Published Date\\&quot;}]&quot;,&quot;authorPrefix&quot;:&quot;by&quot;,&quot;datePrefix&quot;:&quot;on&quot;,&quot;showBlockContent&quot;:true,&quot;showFeaturedPost&quot;:false,&quot;featuredPostId&quot;:&quot;&quot;,&quot;showFeaturedPostTitle&quot;:true,&quot;showFeaturedPostContent&quot;:false,&quot;showFeaturedPostMeta&quot;:true,&quot;showFeaturedHeaderMeta&quot;:true,&quot;showFeaturedFooterMeta&quot;:true,&quot;featuredMetaItems&quot;:&quot;{}&quot;,&quot;featuredExcerptLength&quot;:10,&quot;leftArrowIcon&quot;:&quot;fas fa-chevron-circle-left&quot;,&quot;rightArrowIcon&quot;:&quot;fas fa-chevron-circle-right&quot;,&quot;showFallbackImg&quot;:false,&quot;isRTLEnable&quot;:false}\">\n\n            <div class=\"eb-post-carousel init-eb-post-carousel-9yu2i2i\"\n                data-id=\"eb-post-carousel-9yu2i2i\">\n                <article class=\"ebpg-carousel-post ebpg-post-carousel-column\" data-id=\"566\"><div class=\"ebpg-carousel-post-holder\"><div class=\"ebpg-entry-media\">\n                <div class=\"ebpg-entry-thumbnail\">\n                    <a class=\"ebpg-post-link-wrapper eb-sr-only\" href=\"https:\/\/diversitecommunicationnelle.ca\/?p=566\">Une r\u00e9flexion critique sur le pouvoir des mots en orthophonie<\/a>\n                    <img loading=\"lazy\" decoding=\"async\" width=\"1024\" height=\"1024\" src=\"https:\/\/diversitecommunicationnelle.ca\/wp-content\/uploads\/2024\/11\/DALL\u00b7E-2024-11-28-15.09.09-An-abstract-and-minimalistic-digital-artwork-symbolizing-communication-and-diversity-in-a-harmonious-and-inclusive-society.-The-composition-features-s.webp\" class=\"attachment-full size-full\" alt=\"\" \/>\n                <\/div>\n            <\/div><div class=\"ebpg-entry-wrapper\"><div class=\"ebpg-entry-meta ebpg-header-meta\"><div class=\"ebpg-entry-meta-items\"><div class=\"ebpg-meta ebpg-categories-meta\"><a href=\"https:\/\/diversitecommunicationnelle.ca\/?cat=1\" title=\"Nouvelles\">Nouvelles<\/a><\/div><\/div><\/div><header class=\"ebpg-entry-header\">\n            <h2 class=\"ebpg-entry-title\">\n                <a class=\"ebpg-carousel-post-link\" href=\"https:\/\/diversitecommunicationnelle.ca\/?p=566\" title=\"unerflexioncritiquesurlepouvoirdesmotsenorthophonie\">Une r\u00e9flexion critique sur le pouvoir des mots en orthophonie<\/a>\n            <\/h2>\n        <\/header><div class=\"ebpg-entry-content\"><div class=\"ebpg-carousel-post-excerpt\">\n            <p>Des chercheur\u00b7euses de l\u2019\u00e9quipe Diversit\u00e9 communicationnelle, Genevi\u00e8ve Lamoureux, Alexandra Tessier, S\u00e9bastien Finlay et Ingrid Verduyckt, viennent de publier un article&#8230;<\/p>\n        <\/div><\/div><div class=\"ebpg-entry-meta ebpg-footer-meta\"><div class=\"ebpg-author-avatar\">\n            <a href=\"https:\/\/diversitecommunicationnelle.ca\/?author=2\">\n                <img decoding=\"async\" alt=\"Genevieve Lamoureux\" src=\"https:\/\/secure.gravatar.com\/avatar\/57a3d50d486c9dfb605105d144e188c262c6a330df2dde564e2ecd6a64c725bc?s=96&amp;d=mm&amp;r=g\" \/>\n            <\/a>\n        <\/div><div class=\"ebpg-entry-meta-items\"><span class=\"ebpg-posted-by\">\n            by <a href=\"https:\/\/diversitecommunicationnelle.ca\/?author=2\" title=\"Genevieve Lamoureux\" rel=\"author\">Genevieve Lamoureux<\/a>\n        <\/span><span class=\"ebpg-posted-on\">\n            on <time dateTime=\"2024-11-28T15:12:11-05:00\">28 novembre 2024<\/time>\n        <\/span><\/div><\/div><\/div><\/div><\/article><article class=\"ebpg-carousel-post ebpg-post-carousel-column\" data-id=\"539\"><div class=\"ebpg-carousel-post-holder\"><div class=\"ebpg-entry-media\">\n                <div class=\"ebpg-entry-thumbnail\">\n                    <a class=\"ebpg-post-link-wrapper eb-sr-only\" href=\"https:\/\/diversitecommunicationnelle.ca\/?p=539\">Recherche d\u2019une personne \u00e9tudiante en orthophonie pour un projet d&rsquo;analyse qualitative sur la repr\u00e9sentation de la parole b\u00e9gay\u00e9e<\/a>\n                    <img loading=\"lazy\" decoding=\"async\" width=\"1024\" height=\"1024\" src=\"https:\/\/diversitecommunicationnelle.ca\/wp-content\/uploads\/2024\/09\/DALL\u00b7E-2024-09-13-10.00.00-An-abstract-modern-image-representing-research-and-collaboration.-The-image-features-soft-interconnected-shapes-and-lines-symbolizing-communication-.webp\" class=\"attachment-full size-full\" alt=\"\" \/>\n                <\/div>\n            <\/div><div class=\"ebpg-entry-wrapper\"><div class=\"ebpg-entry-meta ebpg-header-meta\"><div class=\"ebpg-entry-meta-items\"><div class=\"ebpg-meta ebpg-categories-meta\"><a href=\"https:\/\/diversitecommunicationnelle.ca\/?cat=1\" title=\"Nouvelles\">Nouvelles<\/a><\/div><\/div><\/div><header class=\"ebpg-entry-header\">\n            <h2 class=\"ebpg-entry-title\">\n                <a class=\"ebpg-carousel-post-link\" href=\"https:\/\/diversitecommunicationnelle.ca\/?p=539\" title=\"recherchedunepersonnetudianteenorthophoniepourunprojetdanalyse\">Recherche d\u2019une personne \u00e9tudiante en orthophonie pour un projet d&rsquo;analyse<\/a>\n            <\/h2>\n        <\/header><div class=\"ebpg-entry-content\"><div class=\"ebpg-carousel-post-excerpt\">\n            <p>L\u2019\u00e9quipe de recherche du projet de doctorat de Genevi\u00e8ve Lamoureux est \u00e0 la recherche d&rsquo;une personne \u00e9tudiante \u00e0 la ma\u00eetrise&#8230;<\/p>\n        <\/div><\/div><div class=\"ebpg-entry-meta ebpg-footer-meta\"><div class=\"ebpg-author-avatar\">\n            <a href=\"https:\/\/diversitecommunicationnelle.ca\/?author=2\">\n                <img decoding=\"async\" alt=\"Genevieve Lamoureux\" src=\"https:\/\/secure.gravatar.com\/avatar\/57a3d50d486c9dfb605105d144e188c262c6a330df2dde564e2ecd6a64c725bc?s=96&amp;d=mm&amp;r=g\" \/>\n            <\/a>\n        <\/div><div class=\"ebpg-entry-meta-items\"><span class=\"ebpg-posted-by\">\n            by <a href=\"https:\/\/diversitecommunicationnelle.ca\/?author=2\" title=\"Genevieve Lamoureux\" rel=\"author\">Genevieve Lamoureux<\/a>\n        <\/span><span class=\"ebpg-posted-on\">\n            on <time dateTime=\"2024-09-13T10:02:08-04:00\">13 septembre 2024<\/time>\n        <\/span><\/div><\/div><\/div><\/div><\/article><article class=\"ebpg-carousel-post ebpg-post-carousel-column\" data-id=\"480\"><div class=\"ebpg-carousel-post-holder\"><div class=\"ebpg-entry-media\">\n                <div class=\"ebpg-entry-thumbnail\">\n                    <a class=\"ebpg-post-link-wrapper eb-sr-only\" href=\"https:\/\/diversitecommunicationnelle.ca\/?p=480\">D\u00e9but du projet \u00ab\u00a0Image et repr\u00e9sentation de soi comme personne qui b\u00e9gaie \u00bb<\/a>\n                    <img loading=\"lazy\" decoding=\"async\" width=\"1080\" height=\"1080\" src=\"https:\/\/diversitecommunicationnelle.ca\/wp-content\/uploads\/2024\/02\/Recrutement-diversite-communicationnelle-1.png\" class=\"attachment-full size-full\" alt=\"\" \/>\n                <\/div>\n            <\/div><div class=\"ebpg-entry-wrapper\"><div class=\"ebpg-entry-meta ebpg-header-meta\"><div class=\"ebpg-entry-meta-items\"><div class=\"ebpg-meta ebpg-categories-meta\"><a href=\"https:\/\/diversitecommunicationnelle.ca\/?cat=1\" title=\"Nouvelles\">Nouvelles<\/a><\/div><\/div><\/div><header class=\"ebpg-entry-header\">\n            <h2 class=\"ebpg-entry-title\">\n                <a class=\"ebpg-carousel-post-link\" href=\"https:\/\/diversitecommunicationnelle.ca\/?p=480\" title=\"dbutduprojetimageetreprsentationdesoicommepersonne\">D\u00e9but du projet \u00ab\u00a0Image et repr\u00e9sentation de soi comme personne<\/a>\n            <\/h2>\n        <\/header><div class=\"ebpg-entry-content\"><div class=\"ebpg-carousel-post-excerpt\">\n            <p>Notre programmation de recherche collaborative d\u00e9marre le projet de recherche \u00ab\u00a0Image et repr\u00e9sentation de soi comme personne qui b\u00e9gaie \u00bb\u00a0!&#8230;<\/p>\n        <\/div><\/div><div class=\"ebpg-entry-meta ebpg-footer-meta\"><div class=\"ebpg-author-avatar\">\n            <a href=\"https:\/\/diversitecommunicationnelle.ca\/?author=2\">\n                <img decoding=\"async\" alt=\"Genevieve Lamoureux\" src=\"https:\/\/secure.gravatar.com\/avatar\/57a3d50d486c9dfb605105d144e188c262c6a330df2dde564e2ecd6a64c725bc?s=96&amp;d=mm&amp;r=g\" \/>\n            <\/a>\n        <\/div><div class=\"ebpg-entry-meta-items\"><span class=\"ebpg-posted-by\">\n            by <a href=\"https:\/\/diversitecommunicationnelle.ca\/?author=2\" title=\"Genevieve Lamoureux\" rel=\"author\">Genevieve Lamoureux<\/a>\n        <\/span><span class=\"ebpg-posted-on\">\n            on <time dateTime=\"2024-02-16T09:23:39-05:00\">16 f\u00e9vrier 2024<\/time>\n        <\/span><\/div><\/div><\/div><\/div><\/article>            <\/div>\n        <\/div>\n    <\/div>\n<\/div>\n\n\n<div class=\"wp-block-cover alignfull\" style=\"min-height:300px;aspect-ratio:unset;\"><span aria-hidden=\"true\" class=\"wp-block-cover__background has-nv-dark-bg-background-color has-background-dim-100 has-background-dim\"><\/span><div class=\"wp-block-cover__inner-container is-layout-flow wp-block-cover-is-layout-flow\">\n<h2 class=\"wp-block-heading has-text-align-left has-nv-text-dark-bg-color has-text-color\">Diversit\u00e9 communicationnelle<\/h2>\n\n\n<div class=\"wp-block-image\">\n<figure class=\"alignleft size-full is-resized\"><img loading=\"lazy\" decoding=\"async\" width=\"500\" height=\"500\" src=\"https:\/\/diversitecommunicationnelle.ca\/wp-content\/uploads\/2023\/08\/Audiodiversite-essais-logos.png\" alt=\"\" class=\"wp-image-354\" style=\"width:154px;height:154px\" srcset=\"https:\/\/diversitecommunicationnelle.ca\/wp-content\/uploads\/2023\/08\/Audiodiversite-essais-logos.png 500w, https:\/\/diversitecommunicationnelle.ca\/wp-content\/uploads\/2023\/08\/Audiodiversite-essais-logos-300x300.png 300w, https:\/\/diversitecommunicationnelle.ca\/wp-content\/uploads\/2023\/08\/Audiodiversite-essais-logos-150x150.png 150w\" sizes=\"auto, (max-width: 500px) 100vw, 500px\" \/><\/figure>\n<\/div>\n\n\n<p><\/p>\n\n\n\n<p>Une programmation de recherche du Labo IV sur la valorisation de la parole b\u00e9gay\u00e9e<\/p>\n\n\n\n<p><a href=\"mailto:info@diversitecommunicationnelle.ca\">info@diversitecommunicationnelle.ca<\/a><\/p>\n<\/div><\/div>\n","protected":false},"excerpt":{"rendered":"<p>Stuttering Pride Flag \u00a9 2022 par Conor Foran est sous licence CC BY-NC-SA 4.0. Making Waves: A Stuttering Pride Flag est h\u00e9berg\u00e9 par Dysfluent (stutteringprideflag.org), un projet cr\u00e9atif multidisciplinaire sur les personnes qui b\u00e9gaient. Conception et r\u00e9alisation par Take Courage.<\/p>\n","protected":false},"author":1,"featured_media":0,"parent":0,"menu_order":0,"comment_status":"closed","ping_status":"closed","template":"","meta":{"_eb_attr":"","neve_meta_sidebar":"","neve_meta_container":"","neve_meta_enable_content_width":"on","neve_meta_content_width":100,"neve_meta_title_alignment":"","neve_meta_author_avatar":"","neve_post_elements_order":"","neve_meta_disable_header":"","neve_meta_disable_footer":"","neve_meta_disable_title":"on","footnotes":""},"class_list":["post-19","page","type-page","status-publish","hentry"],"yoast_head":"<!-- This site is optimized with the Yoast SEO plugin v27.5 - https:\/\/yoast.com\/product\/yoast-seo-wordpress\/ -->\n<title>Accueil - Diversit\u00e9 communicationnelle<\/title>\n<meta name=\"robots\" content=\"index, follow, max-snippet:-1, max-image-preview:large, max-video-preview:-1\" \/>\n<link rel=\"canonical\" href=\"https:\/\/diversitecommunicationnelle.ca\/\" \/>\n<meta property=\"og:locale\" content=\"fr_CA\" \/>\n<meta property=\"og:type\" content=\"article\" \/>\n<meta property=\"og:title\" content=\"Accueil - Diversit\u00e9 communicationnelle\" \/>\n<meta property=\"og:description\" content=\"Stuttering Pride Flag \u00a9 2022 par Conor Foran est sous licence CC BY-NC-SA 4.0. Making Waves: A Stuttering Pride Flag est h\u00e9berg\u00e9 par Dysfluent (stutteringprideflag.org), un projet cr\u00e9atif multidisciplinaire sur les personnes qui b\u00e9gaient. Conception et r\u00e9alisation par Take Courage.\" \/>\n<meta property=\"og:url\" content=\"https:\/\/diversitecommunicationnelle.ca\/\" \/>\n<meta property=\"og:site_name\" content=\"Diversit\u00e9 communicationnelle\" \/>\n<meta property=\"article:modified_time\" content=\"2023-12-04T21:14:15+00:00\" \/>\n<meta property=\"og:image\" content=\"https:\/\/diversitecommunicationnelle.ca\/wp-content\/uploads\/2023\/07\/StutteringPrideFlag-1.jpg\" \/>\n<meta name=\"twitter:card\" content=\"summary_large_image\" \/>\n<meta name=\"twitter:label1\" content=\"Estimation du temps de lecture\" \/>\n\t<meta name=\"twitter:data1\" content=\"1 minute\" \/>\n<script type=\"application\/ld+json\" class=\"yoast-schema-graph\">{\"@context\":\"https:\\\/\\\/schema.org\",\"@graph\":[{\"@type\":\"WebPage\",\"@id\":\"https:\\\/\\\/diversitecommunicationnelle.ca\\\/\",\"url\":\"https:\\\/\\\/diversitecommunicationnelle.ca\\\/\",\"name\":\"Accueil - Diversit\u00e9 communicationnelle\",\"isPartOf\":{\"@id\":\"https:\\\/\\\/diversitecommunicationnelle.ca\\\/#website\"},\"primaryImageOfPage\":{\"@id\":\"https:\\\/\\\/diversitecommunicationnelle.ca\\\/#primaryimage\"},\"image\":{\"@id\":\"https:\\\/\\\/diversitecommunicationnelle.ca\\\/#primaryimage\"},\"thumbnailUrl\":\"https:\\\/\\\/diversitecommunicationnelle.ca\\\/wp-content\\\/uploads\\\/2023\\\/07\\\/StutteringPrideFlag-1.jpg\",\"datePublished\":\"2023-06-21T22:17:45+00:00\",\"dateModified\":\"2023-12-04T21:14:15+00:00\",\"breadcrumb\":{\"@id\":\"https:\\\/\\\/diversitecommunicationnelle.ca\\\/#breadcrumb\"},\"inLanguage\":\"fr-CA\",\"potentialAction\":[{\"@type\":\"ReadAction\",\"target\":[\"https:\\\/\\\/diversitecommunicationnelle.ca\\\/\"]}]},{\"@type\":\"ImageObject\",\"inLanguage\":\"fr-CA\",\"@id\":\"https:\\\/\\\/diversitecommunicationnelle.ca\\\/#primaryimage\",\"url\":\"https:\\\/\\\/diversitecommunicationnelle.ca\\\/wp-content\\\/uploads\\\/2023\\\/07\\\/StutteringPrideFlag-1.jpg\",\"contentUrl\":\"https:\\\/\\\/diversitecommunicationnelle.ca\\\/wp-content\\\/uploads\\\/2023\\\/07\\\/StutteringPrideFlag-1.jpg\"},{\"@type\":\"BreadcrumbList\",\"@id\":\"https:\\\/\\\/diversitecommunicationnelle.ca\\\/#breadcrumb\",\"itemListElement\":[{\"@type\":\"ListItem\",\"position\":1,\"name\":\"Home\",\"item\":\"https:\\\/\\\/diversitecommunicationnelle.ca\\\/\"},{\"@type\":\"ListItem\",\"position\":2,\"name\":\"Accueil\"}]},{\"@type\":\"WebSite\",\"@id\":\"https:\\\/\\\/diversitecommunicationnelle.ca\\\/#website\",\"url\":\"https:\\\/\\\/diversitecommunicationnelle.ca\\\/\",\"name\":\"Diversit\u00e9 communicationnelle\",\"description\":\"\",\"publisher\":{\"@id\":\"https:\\\/\\\/diversitecommunicationnelle.ca\\\/#organization\"},\"potentialAction\":[{\"@type\":\"SearchAction\",\"target\":{\"@type\":\"EntryPoint\",\"urlTemplate\":\"https:\\\/\\\/diversitecommunicationnelle.ca\\\/?s={search_term_string}\"},\"query-input\":{\"@type\":\"PropertyValueSpecification\",\"valueRequired\":true,\"valueName\":\"search_term_string\"}}],\"inLanguage\":\"fr-CA\"},{\"@type\":\"Organization\",\"@id\":\"https:\\\/\\\/diversitecommunicationnelle.ca\\\/#organization\",\"name\":\"Diversit\u00e9 communicationnelle\",\"url\":\"https:\\\/\\\/diversitecommunicationnelle.ca\\\/\",\"logo\":{\"@type\":\"ImageObject\",\"inLanguage\":\"fr-CA\",\"@id\":\"https:\\\/\\\/diversitecommunicationnelle.ca\\\/#\\\/schema\\\/logo\\\/image\\\/\",\"url\":\"\",\"contentUrl\":\"\",\"caption\":\"Diversit\u00e9 communicationnelle\"},\"image\":{\"@id\":\"https:\\\/\\\/diversitecommunicationnelle.ca\\\/#\\\/schema\\\/logo\\\/image\\\/\"}}]}<\/script>\n<!-- \/ Yoast SEO plugin. -->","yoast_head_json":{"title":"Accueil - Diversit\u00e9 communicationnelle","robots":{"index":"index","follow":"follow","max-snippet":"max-snippet:-1","max-image-preview":"max-image-preview:large","max-video-preview":"max-video-preview:-1"},"canonical":"https:\/\/diversitecommunicationnelle.ca\/","og_locale":"fr_CA","og_type":"article","og_title":"Accueil - Diversit\u00e9 communicationnelle","og_description":"Stuttering Pride Flag \u00a9 2022 par Conor Foran est sous licence CC BY-NC-SA 4.0. Making Waves: A Stuttering Pride Flag est h\u00e9berg\u00e9 par Dysfluent (stutteringprideflag.org), un projet cr\u00e9atif multidisciplinaire sur les personnes qui b\u00e9gaient. Conception et r\u00e9alisation par Take Courage.","og_url":"https:\/\/diversitecommunicationnelle.ca\/","og_site_name":"Diversit\u00e9 communicationnelle","article_modified_time":"2023-12-04T21:14:15+00:00","og_image":[{"url":"https:\/\/diversitecommunicationnelle.ca\/wp-content\/uploads\/2023\/07\/StutteringPrideFlag-1.jpg","type":"","width":"","height":""}],"twitter_card":"summary_large_image","twitter_misc":{"Estimation du temps de lecture":"1 minute"},"schema":{"@context":"https:\/\/schema.org","@graph":[{"@type":"WebPage","@id":"https:\/\/diversitecommunicationnelle.ca\/","url":"https:\/\/diversitecommunicationnelle.ca\/","name":"Accueil - Diversit\u00e9 communicationnelle","isPartOf":{"@id":"https:\/\/diversitecommunicationnelle.ca\/#website"},"primaryImageOfPage":{"@id":"https:\/\/diversitecommunicationnelle.ca\/#primaryimage"},"image":{"@id":"https:\/\/diversitecommunicationnelle.ca\/#primaryimage"},"thumbnailUrl":"https:\/\/diversitecommunicationnelle.ca\/wp-content\/uploads\/2023\/07\/StutteringPrideFlag-1.jpg","datePublished":"2023-06-21T22:17:45+00:00","dateModified":"2023-12-04T21:14:15+00:00","breadcrumb":{"@id":"https:\/\/diversitecommunicationnelle.ca\/#breadcrumb"},"inLanguage":"fr-CA","potentialAction":[{"@type":"ReadAction","target":["https:\/\/diversitecommunicationnelle.ca\/"]}]},{"@type":"ImageObject","inLanguage":"fr-CA","@id":"https:\/\/diversitecommunicationnelle.ca\/#primaryimage","url":"https:\/\/diversitecommunicationnelle.ca\/wp-content\/uploads\/2023\/07\/StutteringPrideFlag-1.jpg","contentUrl":"https:\/\/diversitecommunicationnelle.ca\/wp-content\/uploads\/2023\/07\/StutteringPrideFlag-1.jpg"},{"@type":"BreadcrumbList","@id":"https:\/\/diversitecommunicationnelle.ca\/#breadcrumb","itemListElement":[{"@type":"ListItem","position":1,"name":"Home","item":"https:\/\/diversitecommunicationnelle.ca\/"},{"@type":"ListItem","position":2,"name":"Accueil"}]},{"@type":"WebSite","@id":"https:\/\/diversitecommunicationnelle.ca\/#website","url":"https:\/\/diversitecommunicationnelle.ca\/","name":"Diversit\u00e9 communicationnelle","description":"","publisher":{"@id":"https:\/\/diversitecommunicationnelle.ca\/#organization"},"potentialAction":[{"@type":"SearchAction","target":{"@type":"EntryPoint","urlTemplate":"https:\/\/diversitecommunicationnelle.ca\/?s={search_term_string}"},"query-input":{"@type":"PropertyValueSpecification","valueRequired":true,"valueName":"search_term_string"}}],"inLanguage":"fr-CA"},{"@type":"Organization","@id":"https:\/\/diversitecommunicationnelle.ca\/#organization","name":"Diversit\u00e9 communicationnelle","url":"https:\/\/diversitecommunicationnelle.ca\/","logo":{"@type":"ImageObject","inLanguage":"fr-CA","@id":"https:\/\/diversitecommunicationnelle.ca\/#\/schema\/logo\/image\/","url":"","contentUrl":"","caption":"Diversit\u00e9 communicationnelle"},"image":{"@id":"https:\/\/diversitecommunicationnelle.ca\/#\/schema\/logo\/image\/"}}]}},"_links":{"self":[{"href":"https:\/\/diversitecommunicationnelle.ca\/index.php?rest_route=\/wp\/v2\/pages\/19","targetHints":{"allow":["GET"]}}],"collection":[{"href":"https:\/\/diversitecommunicationnelle.ca\/index.php?rest_route=\/wp\/v2\/pages"}],"about":[{"href":"https:\/\/diversitecommunicationnelle.ca\/index.php?rest_route=\/wp\/v2\/types\/page"}],"author":[{"embeddable":true,"href":"https:\/\/diversitecommunicationnelle.ca\/index.php?rest_route=\/wp\/v2\/users\/1"}],"replies":[{"embeddable":true,"href":"https:\/\/diversitecommunicationnelle.ca\/index.php?rest_route=%2Fwp%2Fv2%2Fcomments&post=19"}],"version-history":[{"count":45,"href":"https:\/\/diversitecommunicationnelle.ca\/index.php?rest_route=\/wp\/v2\/pages\/19\/revisions"}],"predecessor-version":[{"id":470,"href":"https:\/\/diversitecommunicationnelle.ca\/index.php?rest_route=\/wp\/v2\/pages\/19\/revisions\/470"}],"wp:attachment":[{"href":"https:\/\/diversitecommunicationnelle.ca\/index.php?rest_route=%2Fwp%2Fv2%2Fmedia&parent=19"}],"curies":[{"name":"wp","href":"https:\/\/api.w.org\/{rel}","templated":true}]}}